{"id":1336,"date":"2025-06-23T06:29:24","date_gmt":"2025-06-23T06:29:24","guid":{"rendered":"https:\/\/www.elenastauffer.com\/?page_id=1336"},"modified":"2025-06-23T07:19:08","modified_gmt":"2025-06-23T07:19:08","slug":"gestaltung-und-malkurse-fuer-kinder","status":"publish","type":"page","link":"https:\/\/www.elenastauffer.com\/?page_id=1336","title":{"rendered":"Gestaltung- und Malkurse f\u00fcr Kinder"},"content":{"rendered":"\n<p>Das Malen und Gestalten hilft Kindern sich und ihre Emotionen durch Kreativit\u00e4t auszudr\u00fccken. Das Hauptziel ist es Ihrem Kind neue M\u00f6glichkeiten des Malen und Gestalten beizubringen, in den Prozess einzubeziehen und zu zeigen, wie sch\u00f6n und vielf\u00e4ltig Kunst sein kann. Auf einfacher Weise kennen wir die verschiedenen Arten, Formen und Malmedien lernen. Gouache, Aquarell, Stempel, Buntstifte, \u00d6lpastelle, kurze Kunstgeschichte, Illustration und Collage &#8211; das was Herz begehrt.<\/p>\n\n\n\n<p>Kursdauer: drei Tage je 2,5 Stunden <\/p>\n\n\n\n<p>Preis: CHF 265.-<\/p>\n\n\n\n<p>In Preis sind alle Materialien enthalten.<\/p>\n\n\n\n<figure class=\"wp-block-image size-large\"><img decoding=\"async\" width=\"768\" height=\"1024\" data-src=\"https:\/\/www.elenastauffer.com\/wp-content\/uploads\/2025\/06\/IMG_4183-768x1024.jpeg\" alt=\"\" class=\"wp-image-1345 lazyload\" data-srcset=\"https:\/\/www.elenastauffer.com\/wp-content\/uploads\/2025\/06\/IMG_4183-768x1024.jpeg 768w, https:\/\/www.elenastauffer.com\/wp-content\/uploads\/2025\/06\/IMG_4183-225x300.jpeg 225w, https:\/\/www.elenastauffer.com\/wp-content\/uploads\/2025\/06\/IMG_4183-1152x1536.jpeg 1152w, https:\/\/www.elenastauffer.com\/wp-content\/uploads\/2025\/06\/IMG_4183-1536x2048.jpeg 1536w, https:\/\/www.elenastauffer.com\/wp-content\/uploads\/2025\/06\/IMG_4183-1568x2091.jpeg 1568w, https:\/\/www.elenastauffer.com\/wp-content\/uploads\/2025\/06\/IMG_4183-600x800.jpeg 600w, https:\/\/www.elenastauffer.com\/wp-content\/uploads\/2025\/06\/IMG_4183-scaled.jpeg 1920w\" data-sizes=\"(max-width: 768px) 100vw, 768px\" src=\"data:image\/svg+xml;base64,PHN2ZyB3aWR0aD0iMSIgaGVpZ2h0PSIxIiB4bWxucz0iaHR0cDovL3d3dy53My5vcmcvMjAwMC9zdmciPjwvc3ZnPg==\" style=\"--smush-placeholder-width: 768px; --smush-placeholder-aspect-ratio: 768\/1024;\" \/><\/figure>\n\n\n\n<p>Anmelden per E-Mail: art@elenastauffer.com<\/p>\n","protected":false},"excerpt":{"rendered":"<p>Das Malen und Gestalten hilft Kindern sich und ihre Emotionen durch Kreativit\u00e4t auszudr\u00fccken. Das Hauptziel ist es Ihrem Kind neue M\u00f6glichkeiten des Malen und Gestalten beizubringen, in den Prozess einzubeziehen und zu zeigen, wie sch\u00f6n und vielf\u00e4ltig Kunst sein kann. Auf einfacher Weise kennen wir die verschiedenen Arten, Formen und Malmedien lernen. Gouache, Aquarell, Stempel,&hellip; <a class=\"more-link\" href=\"https:\/\/www.elenastauffer.com\/?page_id=1336\"><span class=\"screen-reader-text\">Gestaltung- und Malkurse f\u00fcr Kinder<\/span> weiterlesen<\/a><\/p>\n","protected":false},"author":1,"featured_media":0,"parent":0,"menu_order":0,"comment_status":"closed","ping_status":"closed","template":"","meta":{"footnotes":""},"class_list":["post-1336","page","type-page","status-publish","hentry","entry"],"_links":{"self":[{"href":"https:\/\/www.elenastauffer.com\/index.php?rest_route=\/wp\/v2\/pages\/1336","targetHints":{"allow":["GET"]}}],"collection":[{"href":"https:\/\/www.elenastauffer.com\/index.php?rest_route=\/wp\/v2\/pages"}],"about":[{"href":"https:\/\/www.elenastauffer.com\/index.php?rest_route=\/wp\/v2\/types\/page"}],"author":[{"embeddable":true,"href":"https:\/\/www.elenastauffer.com\/index.php?rest_route=\/wp\/v2\/users\/1"}],"replies":[{"embeddable":true,"href":"https:\/\/www.elenastauffer.com\/index.php?rest_route=%2Fwp%2Fv2%2Fcomments&post=1336"}],"version-history":[{"count":4,"href":"https:\/\/www.elenastauffer.com\/index.php?rest_route=\/wp\/v2\/pages\/1336\/revisions"}],"predecessor-version":[{"id":1348,"href":"https:\/\/www.elenastauffer.com\/index.php?rest_route=\/wp\/v2\/pages\/1336\/revisions\/1348"}],"wp:attachment":[{"href":"https:\/\/www.elenastauffer.com\/index.php?rest_route=%2Fwp%2Fv2%2Fmedia&parent=1336"}],"curies":[{"name":"wp","href":"https:\/\/api.w.org\/{rel}","templated":true}]}}